{"id":4067,"date":"2025-01-05T12:33:42","date_gmt":"2025-01-05T11:33:42","guid":{"rendered":"https:\/\/www.schliermer-roemertopf.ch\/site\/?page_id=4067"},"modified":"2025-01-25T08:02:53","modified_gmt":"2025-01-25T07:02:53","slug":"interner-bereich","status":"publish","type":"page","link":"https:\/\/www.schliermer-roemertopf.ch\/site\/intern\/interner-bereich\/","title":{"rendered":"Interner Bereich"},"content":{"rendered":"<p><strong>Willkommen im Mitglieder Bereich!<\/strong><\/p>\n<hr>\n<p><strong>Info zur Website benutzung!<\/strong><\/p>\n<p>Wenn Ihr oben rechts im schwarzen Balken auf Euren Namen geht, k\u00f6nnt Ihr dort Euer <a href=\"https:\/\/www.schliermer-roemertopf.ch\/site\/wp-admin\/profile.php\">Profil <\/a>bearbeiten (Passwort \u00e4ndern usw.) eine Anleitung findet Ihr hier: <a href=\"https:\/\/www.schliermer-roemertopf.ch\/site\/wp-content\/uploads\/2015\/03\/Passwort-und-Profil-anpassen.pdf\">Passwort und Profil anpassen<\/a><\/p>\n<p>Wenn Ihr die Seite verlassen m\u00f6chtet, bitte zuerst <a href=\"https:\/\/www.schliermer-roemertopf.ch\/site\/wp-login.php?action=logout\">Abmelden<\/a>!<\/p>\n<p><a href=\"https:\/\/www.schliermer-roemertopf.ch\/site\/wp-login.php?action=logout\"><img loading=\"lazy\" decoding=\"async\" data-attachment-id=\"675\" data-permalink=\"https:\/\/www.schliermer-roemertopf.ch\/site\/intern\/abmeldenprofil-2\/\" data-orig-file=\"https:\/\/www.schliermer-roemertopf.ch\/site\/wp-content\/uploads\/2015\/03\/AbmeldenProfil1.jpg\" data-orig-size=\"212,175\" data-comments-opened=\"0\" data-image-meta=\"{&quot;aperture&quot;:&quot;0&quot;,&quot;credit&quot;:&quot;&quot;,&quot;camera&quot;:&quot;&quot;,&quot;caption&quot;:&quot;&quot;,&quot;created_timestamp&quot;:&quot;0&quot;,&quot;copyright&quot;:&quot;&quot;,&quot;focal_length&quot;:&quot;0&quot;,&quot;iso&quot;:&quot;0&quot;,&quot;shutter_speed&quot;:&quot;0&quot;,&quot;title&quot;:&quot;&quot;,&quot;orientation&quot;:&quot;0&quot;}\" data-image-title=\"AbmeldenProfil\" data-image-description=\"&lt;p&gt;Entschuldigung aber du hast nicht die Rechte um dieses Post zu sehen!&lt;\/p&gt;\n\" data-image-caption=\"\" data-large-file=\"https:\/\/www.schliermer-roemertopf.ch\/site\/wp-content\/uploads\/2015\/03\/AbmeldenProfil1.jpg\" class=\"alignnone size-full wp-image-675\" src=\"https:\/\/www.schliermer-roemertopf.ch\/site\/wp-content\/uploads\/2015\/03\/AbmeldenProfil1.jpg\" alt=\"AbmeldenProfil\" width=\"212\" height=\"175\"><\/a><\/p>\n<p>&nbsp;<\/p>\n","protected":false},"excerpt":{"rendered":"<p>Willkommen im Mitglieder Bereich! Info zur Website benutzung! Wenn Ihr oben rechts im schwarzen Balken auf Euren Namen geht, k\u00f6nnt Ihr dort Euer Profil bearbeiten (Passwort \u00e4ndern usw.) eine Anleitung findet Ihr hier: Passwort und Profil anpassen Wenn Ihr die Seite verlassen m\u00f6chtet, bitte zuerst Abmelden! &nbsp;<\/p>\n","protected":false},"author":1,"featured_media":0,"parent":386,"menu_order":0,"comment_status":"closed","ping_status":"closed","template":"page-no-title","meta":{"ngg_post_thumbnail":0,"jetpack_post_was_ever_published":false,"footnotes":""},"class_list":["post-4067","page","type-page","status-publish","hentry"],"jetpack_sharing_enabled":true,"_links":{"self":[{"href":"https:\/\/www.schliermer-roemertopf.ch\/site\/wp-json\/wp\/v2\/pages\/4067","targetHints":{"allow":["GET"]}}],"collection":[{"href":"https:\/\/www.schliermer-roemertopf.ch\/site\/wp-json\/wp\/v2\/pages"}],"about":[{"href":"https:\/\/www.schliermer-roemertopf.ch\/site\/wp-json\/wp\/v2\/types\/page"}],"author":[{"embeddable":true,"href":"https:\/\/www.schliermer-roemertopf.ch\/site\/wp-json\/wp\/v2\/users\/1"}],"replies":[{"embeddable":true,"href":"https:\/\/www.schliermer-roemertopf.ch\/site\/wp-json\/wp\/v2\/comments?post=4067"}],"version-history":[{"count":0,"href":"https:\/\/www.schliermer-roemertopf.ch\/site\/wp-json\/wp\/v2\/pages\/4067\/revisions"}],"up":[{"embeddable":true,"href":"https:\/\/www.schliermer-roemertopf.ch\/site\/wp-json\/wp\/v2\/pages\/386"}],"wp:attachment":[{"href":"https:\/\/www.schliermer-roemertopf.ch\/site\/wp-json\/wp\/v2\/media?parent=4067"}],"curies":[{"name":"wp","href":"https:\/\/api.w.org\/{rel}","templated":true}]}}